{"id":932,"date":"2023-04-17T15:55:02","date_gmt":"2023-04-17T13:55:02","guid":{"rendered":"https:\/\/www.northclean.se\/vara-bolag\/"},"modified":"2026-02-09T17:06:26","modified_gmt":"2026-02-09T16:06:26","slug":"yhtiomme","status":"publish","type":"page","link":"https:\/\/www.northcleangroup.se\/fi\/yhtiomme\/","title":{"rendered":"Yhti\u00f6mme"},"content":{"rendered":"","protected":false},"excerpt":{"rendered":"","protected":false},"author":1,"featured_media":0,"parent":0,"menu_order":0,"comment_status":"closed","ping_status":"closed","template":"","meta":{"_acf_changed":false,"footnotes":""},"class_list":["post-932","page","type-page","status-publish","hentry"],"acf":[],"yoast_head":"<!-- This site is optimized with the Yoast SEO plugin v27.3 - https:\/\/yoast.com\/product\/yoast-seo-wordpress\/ -->\n<title>Yhti\u00f6mme - Northclean<\/title>\n<meta name=\"robots\" content=\"index, follow, max-snippet:-1, max-image-preview:large, max-video-preview:-1\" \/>\n<link rel=\"canonical\" href=\"https:\/\/www.northcleangroup.se\/fi\/yhtiomme\/\" \/>\n<meta property=\"og:locale\" content=\"fi_FI\" \/>\n<meta property=\"og:type\" content=\"article\" \/>\n<meta property=\"og:title\" content=\"Yhti\u00f6mme - Northclean\" \/>\n<meta property=\"og:url\" content=\"https:\/\/www.northcleangroup.se\/fi\/yhtiomme\/\" \/>\n<meta property=\"og:site_name\" content=\"Northclean\" \/>\n<meta property=\"article:modified_time\" content=\"2026-02-09T16:06:26+00:00\" \/>\n<meta name=\"twitter:card\" content=\"summary_large_image\" \/>\n<meta name=\"twitter:label1\" content=\"Arvioitu lukuaika\" \/>\n\t<meta name=\"twitter:data1\" content=\"4 minuuttia\" \/>\n<script type=\"application\/ld+json\" class=\"yoast-schema-graph\">{\"@context\":\"https:\\\/\\\/schema.org\",\"@graph\":[{\"@type\":\"WebPage\",\"@id\":\"https:\\\/\\\/www.northcleangroup.se\\\/fi\\\/yhtiomme\\\/\",\"url\":\"https:\\\/\\\/www.northcleangroup.se\\\/fi\\\/yhtiomme\\\/\",\"name\":\"Yhti\u00f6mme - Northclean\",\"isPartOf\":{\"@id\":\"https:\\\/\\\/www.northcleangroup.se\\\/fi\\\/#website\"},\"datePublished\":\"2023-04-17T13:55:02+00:00\",\"dateModified\":\"2026-02-09T16:06:26+00:00\",\"breadcrumb\":{\"@id\":\"https:\\\/\\\/www.northcleangroup.se\\\/fi\\\/yhtiomme\\\/#breadcrumb\"},\"inLanguage\":\"fi\",\"potentialAction\":[{\"@type\":\"ReadAction\",\"target\":[\"https:\\\/\\\/www.northcleangroup.se\\\/fi\\\/yhtiomme\\\/\"]}]},{\"@type\":\"BreadcrumbList\",\"@id\":\"https:\\\/\\\/www.northcleangroup.se\\\/fi\\\/yhtiomme\\\/#breadcrumb\",\"itemListElement\":[{\"@type\":\"ListItem\",\"position\":1,\"name\":\"Hem\",\"item\":\"https:\\\/\\\/www.northcleangroup.se\\\/fi\\\/\"},{\"@type\":\"ListItem\",\"position\":2,\"name\":\"Yhti\u00f6mme\"}]},{\"@type\":\"WebSite\",\"@id\":\"https:\\\/\\\/www.northcleangroup.se\\\/fi\\\/#website\",\"url\":\"https:\\\/\\\/www.northcleangroup.se\\\/fi\\\/\",\"name\":\"Northclean\",\"description\":\"Lokal partner f\u00f6r f\u00f6retag inom lokalv\u00e5rd &amp; facility services.\",\"potentialAction\":[{\"@type\":\"SearchAction\",\"target\":{\"@type\":\"EntryPoint\",\"urlTemplate\":\"https:\\\/\\\/www.northcleangroup.se\\\/fi\\\/?s={search_term_string}\"},\"query-input\":{\"@type\":\"PropertyValueSpecification\",\"valueRequired\":true,\"valueName\":\"search_term_string\"}}],\"inLanguage\":\"fi\"}]}<\/script>\n<!-- \/ Yoast SEO plugin. -->","yoast_head_json":{"title":"Yhti\u00f6mme - Northclean","robots":{"index":"index","follow":"follow","max-snippet":"max-snippet:-1","max-image-preview":"max-image-preview:large","max-video-preview":"max-video-preview:-1"},"canonical":"https:\/\/www.northcleangroup.se\/fi\/yhtiomme\/","og_locale":"fi_FI","og_type":"article","og_title":"Yhti\u00f6mme - Northclean","og_url":"https:\/\/www.northcleangroup.se\/fi\/yhtiomme\/","og_site_name":"Northclean","article_modified_time":"2026-02-09T16:06:26+00:00","twitter_card":"summary_large_image","twitter_misc":{"Arvioitu lukuaika":"4 minuuttia"},"schema":{"@context":"https:\/\/schema.org","@graph":[{"@type":"WebPage","@id":"https:\/\/www.northcleangroup.se\/fi\/yhtiomme\/","url":"https:\/\/www.northcleangroup.se\/fi\/yhtiomme\/","name":"Yhti\u00f6mme - Northclean","isPartOf":{"@id":"https:\/\/www.northcleangroup.se\/fi\/#website"},"datePublished":"2023-04-17T13:55:02+00:00","dateModified":"2026-02-09T16:06:26+00:00","breadcrumb":{"@id":"https:\/\/www.northcleangroup.se\/fi\/yhtiomme\/#breadcrumb"},"inLanguage":"fi","potentialAction":[{"@type":"ReadAction","target":["https:\/\/www.northcleangroup.se\/fi\/yhtiomme\/"]}]},{"@type":"BreadcrumbList","@id":"https:\/\/www.northcleangroup.se\/fi\/yhtiomme\/#breadcrumb","itemListElement":[{"@type":"ListItem","position":1,"name":"Hem","item":"https:\/\/www.northcleangroup.se\/fi\/"},{"@type":"ListItem","position":2,"name":"Yhti\u00f6mme"}]},{"@type":"WebSite","@id":"https:\/\/www.northcleangroup.se\/fi\/#website","url":"https:\/\/www.northcleangroup.se\/fi\/","name":"Northclean","description":"Lokal partner f\u00f6r f\u00f6retag inom lokalv\u00e5rd &amp; facility services.","potentialAction":[{"@type":"SearchAction","target":{"@type":"EntryPoint","urlTemplate":"https:\/\/www.northcleangroup.se\/fi\/?s={search_term_string}"},"query-input":{"@type":"PropertyValueSpecification","valueRequired":true,"valueName":"search_term_string"}}],"inLanguage":"fi"}]}},"_links":{"self":[{"href":"https:\/\/www.northcleangroup.se\/fi\/wp-json\/wp\/v2\/pages\/932","targetHints":{"allow":["GET"]}}],"collection":[{"href":"https:\/\/www.northcleangroup.se\/fi\/wp-json\/wp\/v2\/pages"}],"about":[{"href":"https:\/\/www.northcleangroup.se\/fi\/wp-json\/wp\/v2\/types\/page"}],"author":[{"embeddable":true,"href":"https:\/\/www.northcleangroup.se\/fi\/wp-json\/wp\/v2\/users\/1"}],"replies":[{"embeddable":true,"href":"https:\/\/www.northcleangroup.se\/fi\/wp-json\/wp\/v2\/comments?post=932"}],"version-history":[{"count":8,"href":"https:\/\/www.northcleangroup.se\/fi\/wp-json\/wp\/v2\/pages\/932\/revisions"}],"predecessor-version":[{"id":1782,"href":"https:\/\/www.northcleangroup.se\/fi\/wp-json\/wp\/v2\/pages\/932\/revisions\/1782"}],"wp:attachment":[{"href":"https:\/\/www.northcleangroup.se\/fi\/wp-json\/wp\/v2\/media?parent=932"}],"curies":[{"name":"wp","href":"https:\/\/api.w.org\/{rel}","templated":true}]}}