{"id":923,"date":"2023-04-13T20:44:43","date_gmt":"2023-04-13T18:44:43","guid":{"rendered":"https:\/\/www.northclean.se\/rengorare-naslund\/"},"modified":"2026-01-27T17:45:04","modified_gmt":"2026-01-27T16:45:04","slug":"rengorare-naslund","status":"publish","type":"page","link":"https:\/\/www.northcleangroup.se\/fi\/rengorare-naslund\/","title":{"rendered":"Reng\u00f6rare N\u00e4slund"},"content":{"rendered":"","protected":false},"excerpt":{"rendered":"","protected":false},"author":1,"featured_media":0,"parent":0,"menu_order":0,"comment_status":"closed","ping_status":"closed","template":"","meta":{"_acf_changed":false,"footnotes":""},"class_list":["post-923","page","type-page","status-publish","hentry"],"acf":[],"yoast_head":"<!-- This site is optimized with the Yoast SEO plugin v27.3 - https:\/\/yoast.com\/product\/yoast-seo-wordpress\/ -->\n<title>Reng\u00f6rare N\u00e4slund - Northclean<\/title>\n<meta name=\"robots\" content=\"index, follow, max-snippet:-1, max-image-preview:large, max-video-preview:-1\" \/>\n<link rel=\"canonical\" href=\"https:\/\/www.northcleangroup.se\/fi\/rengorare-naslund\/\" \/>\n<meta property=\"og:locale\" content=\"fi_FI\" \/>\n<meta property=\"og:type\" content=\"article\" \/>\n<meta property=\"og:title\" content=\"Reng\u00f6rare N\u00e4slund - Northclean\" \/>\n<meta property=\"og:url\" content=\"https:\/\/www.northcleangroup.se\/fi\/rengorare-naslund\/\" \/>\n<meta property=\"og:site_name\" content=\"Northclean\" \/>\n<meta property=\"article:modified_time\" content=\"2026-01-27T16:45:04+00:00\" \/>\n<meta name=\"twitter:card\" content=\"summary_large_image\" \/>\n<meta name=\"twitter:label1\" content=\"Arvioitu lukuaika\" \/>\n\t<meta name=\"twitter:data1\" content=\"3 minuuttia\" \/>\n<script type=\"application\/ld+json\" class=\"yoast-schema-graph\">{\"@context\":\"https:\\\/\\\/schema.org\",\"@graph\":[{\"@type\":\"WebPage\",\"@id\":\"https:\\\/\\\/www.northcleangroup.se\\\/fi\\\/rengorare-naslund\\\/\",\"url\":\"https:\\\/\\\/www.northcleangroup.se\\\/fi\\\/rengorare-naslund\\\/\",\"name\":\"Reng\u00f6rare N\u00e4slund - Northclean\",\"isPartOf\":{\"@id\":\"https:\\\/\\\/www.northcleangroup.se\\\/fi\\\/#website\"},\"datePublished\":\"2023-04-13T18:44:43+00:00\",\"dateModified\":\"2026-01-27T16:45:04+00:00\",\"breadcrumb\":{\"@id\":\"https:\\\/\\\/www.northcleangroup.se\\\/fi\\\/rengorare-naslund\\\/#breadcrumb\"},\"inLanguage\":\"fi\",\"potentialAction\":[{\"@type\":\"ReadAction\",\"target\":[\"https:\\\/\\\/www.northcleangroup.se\\\/fi\\\/rengorare-naslund\\\/\"]}]},{\"@type\":\"BreadcrumbList\",\"@id\":\"https:\\\/\\\/www.northcleangroup.se\\\/fi\\\/rengorare-naslund\\\/#breadcrumb\",\"itemListElement\":[{\"@type\":\"ListItem\",\"position\":1,\"name\":\"Hem\",\"item\":\"https:\\\/\\\/www.northcleangroup.se\\\/fi\\\/\"},{\"@type\":\"ListItem\",\"position\":2,\"name\":\"Reng\u00f6rare N\u00e4slund\"}]},{\"@type\":\"WebSite\",\"@id\":\"https:\\\/\\\/www.northcleangroup.se\\\/fi\\\/#website\",\"url\":\"https:\\\/\\\/www.northcleangroup.se\\\/fi\\\/\",\"name\":\"Northclean\",\"description\":\"Lokal partner f\u00f6r f\u00f6retag inom lokalv\u00e5rd &amp; facility services.\",\"potentialAction\":[{\"@type\":\"SearchAction\",\"target\":{\"@type\":\"EntryPoint\",\"urlTemplate\":\"https:\\\/\\\/www.northcleangroup.se\\\/fi\\\/?s={search_term_string}\"},\"query-input\":{\"@type\":\"PropertyValueSpecification\",\"valueRequired\":true,\"valueName\":\"search_term_string\"}}],\"inLanguage\":\"fi\"}]}<\/script>\n<!-- \/ Yoast SEO plugin. -->","yoast_head_json":{"title":"Reng\u00f6rare N\u00e4slund - Northclean","robots":{"index":"index","follow":"follow","max-snippet":"max-snippet:-1","max-image-preview":"max-image-preview:large","max-video-preview":"max-video-preview:-1"},"canonical":"https:\/\/www.northcleangroup.se\/fi\/rengorare-naslund\/","og_locale":"fi_FI","og_type":"article","og_title":"Reng\u00f6rare N\u00e4slund - Northclean","og_url":"https:\/\/www.northcleangroup.se\/fi\/rengorare-naslund\/","og_site_name":"Northclean","article_modified_time":"2026-01-27T16:45:04+00:00","twitter_card":"summary_large_image","twitter_misc":{"Arvioitu lukuaika":"3 minuuttia"},"schema":{"@context":"https:\/\/schema.org","@graph":[{"@type":"WebPage","@id":"https:\/\/www.northcleangroup.se\/fi\/rengorare-naslund\/","url":"https:\/\/www.northcleangroup.se\/fi\/rengorare-naslund\/","name":"Reng\u00f6rare N\u00e4slund - Northclean","isPartOf":{"@id":"https:\/\/www.northcleangroup.se\/fi\/#website"},"datePublished":"2023-04-13T18:44:43+00:00","dateModified":"2026-01-27T16:45:04+00:00","breadcrumb":{"@id":"https:\/\/www.northcleangroup.se\/fi\/rengorare-naslund\/#breadcrumb"},"inLanguage":"fi","potentialAction":[{"@type":"ReadAction","target":["https:\/\/www.northcleangroup.se\/fi\/rengorare-naslund\/"]}]},{"@type":"BreadcrumbList","@id":"https:\/\/www.northcleangroup.se\/fi\/rengorare-naslund\/#breadcrumb","itemListElement":[{"@type":"ListItem","position":1,"name":"Hem","item":"https:\/\/www.northcleangroup.se\/fi\/"},{"@type":"ListItem","position":2,"name":"Reng\u00f6rare N\u00e4slund"}]},{"@type":"WebSite","@id":"https:\/\/www.northcleangroup.se\/fi\/#website","url":"https:\/\/www.northcleangroup.se\/fi\/","name":"Northclean","description":"Lokal partner f\u00f6r f\u00f6retag inom lokalv\u00e5rd &amp; facility services.","potentialAction":[{"@type":"SearchAction","target":{"@type":"EntryPoint","urlTemplate":"https:\/\/www.northcleangroup.se\/fi\/?s={search_term_string}"},"query-input":{"@type":"PropertyValueSpecification","valueRequired":true,"valueName":"search_term_string"}}],"inLanguage":"fi"}]}},"_links":{"self":[{"href":"https:\/\/www.northcleangroup.se\/fi\/wp-json\/wp\/v2\/pages\/923","targetHints":{"allow":["GET"]}}],"collection":[{"href":"https:\/\/www.northcleangroup.se\/fi\/wp-json\/wp\/v2\/pages"}],"about":[{"href":"https:\/\/www.northcleangroup.se\/fi\/wp-json\/wp\/v2\/types\/page"}],"author":[{"embeddable":true,"href":"https:\/\/www.northcleangroup.se\/fi\/wp-json\/wp\/v2\/users\/1"}],"replies":[{"embeddable":true,"href":"https:\/\/www.northcleangroup.se\/fi\/wp-json\/wp\/v2\/comments?post=923"}],"version-history":[{"count":2,"href":"https:\/\/www.northcleangroup.se\/fi\/wp-json\/wp\/v2\/pages\/923\/revisions"}],"predecessor-version":[{"id":1686,"href":"https:\/\/www.northcleangroup.se\/fi\/wp-json\/wp\/v2\/pages\/923\/revisions\/1686"}],"wp:attachment":[{"href":"https:\/\/www.northcleangroup.se\/fi\/wp-json\/wp\/v2\/media?parent=923"}],"curies":[{"name":"wp","href":"https:\/\/api.w.org\/{rel}","templated":true}]}}