{"id":885,"date":"2018-07-27T14:43:48","date_gmt":"2018-07-27T14:43:48","guid":{"rendered":"https:\/\/www.northclean.se\/cookies\/"},"modified":"2025-11-05T09:19:29","modified_gmt":"2025-11-05T08:19:29","slug":"cookies","status":"publish","type":"page","link":"https:\/\/www.northcleangroup.se\/fi\/cookies\/","title":{"rendered":"Cookies"},"content":{"rendered":"","protected":false},"excerpt":{"rendered":"","protected":false},"author":1,"featured_media":0,"parent":0,"menu_order":0,"comment_status":"closed","ping_status":"closed","template":"","meta":{"_acf_changed":false,"footnotes":""},"class_list":["post-885","page","type-page","status-publish","hentry"],"acf":[],"yoast_head":"<!-- This site is optimized with the Yoast SEO plugin v27.3 - https:\/\/yoast.com\/product\/yoast-seo-wordpress\/ -->\n<title>Cookies - Northclean<\/title>\n<meta name=\"robots\" content=\"index, follow, max-snippet:-1, max-image-preview:large, max-video-preview:-1\" \/>\n<link rel=\"canonical\" href=\"https:\/\/www.northcleangroup.se\/fi\/cookies\/\" \/>\n<meta property=\"og:locale\" content=\"fi_FI\" \/>\n<meta property=\"og:type\" content=\"article\" \/>\n<meta property=\"og:title\" content=\"Cookies - Northclean\" \/>\n<meta property=\"og:url\" content=\"https:\/\/www.northcleangroup.se\/fi\/cookies\/\" \/>\n<meta property=\"og:site_name\" content=\"Northclean\" \/>\n<meta property=\"article:modified_time\" content=\"2025-11-05T08:19:29+00:00\" \/>\n<meta name=\"twitter:card\" content=\"summary_large_image\" \/>\n<meta name=\"twitter:label1\" content=\"Arvioitu lukuaika\" \/>\n\t<meta name=\"twitter:data1\" content=\"1 minuutti\" \/>\n<script type=\"application\/ld+json\" class=\"yoast-schema-graph\">{\"@context\":\"https:\\\/\\\/schema.org\",\"@graph\":[{\"@type\":\"WebPage\",\"@id\":\"https:\\\/\\\/www.northcleangroup.se\\\/fi\\\/cookies\\\/\",\"url\":\"https:\\\/\\\/www.northcleangroup.se\\\/fi\\\/cookies\\\/\",\"name\":\"Cookies - Northclean\",\"isPartOf\":{\"@id\":\"https:\\\/\\\/www.northcleangroup.se\\\/fi\\\/#website\"},\"datePublished\":\"2018-07-27T14:43:48+00:00\",\"dateModified\":\"2025-11-05T08:19:29+00:00\",\"breadcrumb\":{\"@id\":\"https:\\\/\\\/www.northcleangroup.se\\\/fi\\\/cookies\\\/#breadcrumb\"},\"inLanguage\":\"fi\",\"potentialAction\":[{\"@type\":\"ReadAction\",\"target\":[\"https:\\\/\\\/www.northcleangroup.se\\\/fi\\\/cookies\\\/\"]}]},{\"@type\":\"BreadcrumbList\",\"@id\":\"https:\\\/\\\/www.northcleangroup.se\\\/fi\\\/cookies\\\/#breadcrumb\",\"itemListElement\":[{\"@type\":\"ListItem\",\"position\":1,\"name\":\"Hem\",\"item\":\"https:\\\/\\\/www.northcleangroup.se\\\/fi\\\/\"},{\"@type\":\"ListItem\",\"position\":2,\"name\":\"Cookies\"}]},{\"@type\":\"WebSite\",\"@id\":\"https:\\\/\\\/www.northcleangroup.se\\\/fi\\\/#website\",\"url\":\"https:\\\/\\\/www.northcleangroup.se\\\/fi\\\/\",\"name\":\"Northclean\",\"description\":\"Lokal partner f\u00f6r f\u00f6retag inom lokalv\u00e5rd &amp; facility services.\",\"potentialAction\":[{\"@type\":\"SearchAction\",\"target\":{\"@type\":\"EntryPoint\",\"urlTemplate\":\"https:\\\/\\\/www.northcleangroup.se\\\/fi\\\/?s={search_term_string}\"},\"query-input\":{\"@type\":\"PropertyValueSpecification\",\"valueRequired\":true,\"valueName\":\"search_term_string\"}}],\"inLanguage\":\"fi\"}]}<\/script>\n<!-- \/ Yoast SEO plugin. -->","yoast_head_json":{"title":"Cookies - Northclean","robots":{"index":"index","follow":"follow","max-snippet":"max-snippet:-1","max-image-preview":"max-image-preview:large","max-video-preview":"max-video-preview:-1"},"canonical":"https:\/\/www.northcleangroup.se\/fi\/cookies\/","og_locale":"fi_FI","og_type":"article","og_title":"Cookies - Northclean","og_url":"https:\/\/www.northcleangroup.se\/fi\/cookies\/","og_site_name":"Northclean","article_modified_time":"2025-11-05T08:19:29+00:00","twitter_card":"summary_large_image","twitter_misc":{"Arvioitu lukuaika":"1 minuutti"},"schema":{"@context":"https:\/\/schema.org","@graph":[{"@type":"WebPage","@id":"https:\/\/www.northcleangroup.se\/fi\/cookies\/","url":"https:\/\/www.northcleangroup.se\/fi\/cookies\/","name":"Cookies - Northclean","isPartOf":{"@id":"https:\/\/www.northcleangroup.se\/fi\/#website"},"datePublished":"2018-07-27T14:43:48+00:00","dateModified":"2025-11-05T08:19:29+00:00","breadcrumb":{"@id":"https:\/\/www.northcleangroup.se\/fi\/cookies\/#breadcrumb"},"inLanguage":"fi","potentialAction":[{"@type":"ReadAction","target":["https:\/\/www.northcleangroup.se\/fi\/cookies\/"]}]},{"@type":"BreadcrumbList","@id":"https:\/\/www.northcleangroup.se\/fi\/cookies\/#breadcrumb","itemListElement":[{"@type":"ListItem","position":1,"name":"Hem","item":"https:\/\/www.northcleangroup.se\/fi\/"},{"@type":"ListItem","position":2,"name":"Cookies"}]},{"@type":"WebSite","@id":"https:\/\/www.northcleangroup.se\/fi\/#website","url":"https:\/\/www.northcleangroup.se\/fi\/","name":"Northclean","description":"Lokal partner f\u00f6r f\u00f6retag inom lokalv\u00e5rd &amp; facility services.","potentialAction":[{"@type":"SearchAction","target":{"@type":"EntryPoint","urlTemplate":"https:\/\/www.northcleangroup.se\/fi\/?s={search_term_string}"},"query-input":{"@type":"PropertyValueSpecification","valueRequired":true,"valueName":"search_term_string"}}],"inLanguage":"fi"}]}},"_links":{"self":[{"href":"https:\/\/www.northcleangroup.se\/fi\/wp-json\/wp\/v2\/pages\/885","targetHints":{"allow":["GET"]}}],"collection":[{"href":"https:\/\/www.northcleangroup.se\/fi\/wp-json\/wp\/v2\/pages"}],"about":[{"href":"https:\/\/www.northcleangroup.se\/fi\/wp-json\/wp\/v2\/types\/page"}],"author":[{"embeddable":true,"href":"https:\/\/www.northcleangroup.se\/fi\/wp-json\/wp\/v2\/users\/1"}],"replies":[{"embeddable":true,"href":"https:\/\/www.northcleangroup.se\/fi\/wp-json\/wp\/v2\/comments?post=885"}],"version-history":[{"count":1,"href":"https:\/\/www.northcleangroup.se\/fi\/wp-json\/wp\/v2\/pages\/885\/revisions"}],"predecessor-version":[{"id":1390,"href":"https:\/\/www.northcleangroup.se\/fi\/wp-json\/wp\/v2\/pages\/885\/revisions\/1390"}],"wp:attachment":[{"href":"https:\/\/www.northcleangroup.se\/fi\/wp-json\/wp\/v2\/media?parent=885"}],"curies":[{"name":"wp","href":"https:\/\/api.w.org\/{rel}","templated":true}]}}