{"id":879,"date":"2024-08-20T10:59:31","date_gmt":"2024-08-20T08:59:31","guid":{"rendered":"https:\/\/www.northclean.se\/clean-factory\/"},"modified":"2025-11-05T09:18:26","modified_gmt":"2025-11-05T08:18:26","slug":"clean-factory","status":"publish","type":"page","link":"https:\/\/www.northcleangroup.se\/fi\/clean-factory\/","title":{"rendered":"Clean Factory"},"content":{"rendered":"","protected":false},"excerpt":{"rendered":"","protected":false},"author":12,"featured_media":0,"parent":0,"menu_order":0,"comment_status":"closed","ping_status":"closed","template":"","meta":{"_acf_changed":false,"footnotes":""},"class_list":["post-879","page","type-page","status-publish","hentry"],"acf":[],"yoast_head":"<!-- This site is optimized with the Yoast SEO plugin v27.3 - https:\/\/yoast.com\/product\/yoast-seo-wordpress\/ -->\n<title>Clean Factory - Northclean<\/title>\n<meta name=\"robots\" content=\"index, follow, max-snippet:-1, max-image-preview:large, max-video-preview:-1\" \/>\n<link rel=\"canonical\" href=\"https:\/\/www.northcleangroup.se\/fi\/clean-factory\/\" \/>\n<meta property=\"og:locale\" content=\"fi_FI\" \/>\n<meta property=\"og:type\" content=\"article\" \/>\n<meta property=\"og:title\" content=\"Clean Factory - Northclean\" \/>\n<meta property=\"og:url\" content=\"https:\/\/www.northcleangroup.se\/fi\/clean-factory\/\" \/>\n<meta property=\"og:site_name\" content=\"Northclean\" \/>\n<meta property=\"article:modified_time\" content=\"2025-11-05T08:18:26+00:00\" \/>\n<meta name=\"twitter:card\" content=\"summary_large_image\" \/>\n<meta name=\"twitter:label1\" content=\"Arvioitu lukuaika\" \/>\n\t<meta name=\"twitter:data1\" content=\"1 minuutti\" \/>\n<script type=\"application\/ld+json\" class=\"yoast-schema-graph\">{\"@context\":\"https:\\\/\\\/schema.org\",\"@graph\":[{\"@type\":\"WebPage\",\"@id\":\"https:\\\/\\\/www.northcleangroup.se\\\/fi\\\/clean-factory\\\/\",\"url\":\"https:\\\/\\\/www.northcleangroup.se\\\/fi\\\/clean-factory\\\/\",\"name\":\"Clean Factory - Northclean\",\"isPartOf\":{\"@id\":\"https:\\\/\\\/www.northcleangroup.se\\\/fi\\\/#website\"},\"datePublished\":\"2024-08-20T08:59:31+00:00\",\"dateModified\":\"2025-11-05T08:18:26+00:00\",\"breadcrumb\":{\"@id\":\"https:\\\/\\\/www.northcleangroup.se\\\/fi\\\/clean-factory\\\/#breadcrumb\"},\"inLanguage\":\"fi\",\"potentialAction\":[{\"@type\":\"ReadAction\",\"target\":[\"https:\\\/\\\/www.northcleangroup.se\\\/fi\\\/clean-factory\\\/\"]}]},{\"@type\":\"BreadcrumbList\",\"@id\":\"https:\\\/\\\/www.northcleangroup.se\\\/fi\\\/clean-factory\\\/#breadcrumb\",\"itemListElement\":[{\"@type\":\"ListItem\",\"position\":1,\"name\":\"Hem\",\"item\":\"https:\\\/\\\/www.northcleangroup.se\\\/fi\\\/\"},{\"@type\":\"ListItem\",\"position\":2,\"name\":\"Clean Factory\"}]},{\"@type\":\"WebSite\",\"@id\":\"https:\\\/\\\/www.northcleangroup.se\\\/fi\\\/#website\",\"url\":\"https:\\\/\\\/www.northcleangroup.se\\\/fi\\\/\",\"name\":\"Northclean\",\"description\":\"Lokal partner f\u00f6r f\u00f6retag inom lokalv\u00e5rd &amp; facility services.\",\"potentialAction\":[{\"@type\":\"SearchAction\",\"target\":{\"@type\":\"EntryPoint\",\"urlTemplate\":\"https:\\\/\\\/www.northcleangroup.se\\\/fi\\\/?s={search_term_string}\"},\"query-input\":{\"@type\":\"PropertyValueSpecification\",\"valueRequired\":true,\"valueName\":\"search_term_string\"}}],\"inLanguage\":\"fi\"}]}<\/script>\n<!-- \/ Yoast SEO plugin. -->","yoast_head_json":{"title":"Clean Factory - Northclean","robots":{"index":"index","follow":"follow","max-snippet":"max-snippet:-1","max-image-preview":"max-image-preview:large","max-video-preview":"max-video-preview:-1"},"canonical":"https:\/\/www.northcleangroup.se\/fi\/clean-factory\/","og_locale":"fi_FI","og_type":"article","og_title":"Clean Factory - Northclean","og_url":"https:\/\/www.northcleangroup.se\/fi\/clean-factory\/","og_site_name":"Northclean","article_modified_time":"2025-11-05T08:18:26+00:00","twitter_card":"summary_large_image","twitter_misc":{"Arvioitu lukuaika":"1 minuutti"},"schema":{"@context":"https:\/\/schema.org","@graph":[{"@type":"WebPage","@id":"https:\/\/www.northcleangroup.se\/fi\/clean-factory\/","url":"https:\/\/www.northcleangroup.se\/fi\/clean-factory\/","name":"Clean Factory - Northclean","isPartOf":{"@id":"https:\/\/www.northcleangroup.se\/fi\/#website"},"datePublished":"2024-08-20T08:59:31+00:00","dateModified":"2025-11-05T08:18:26+00:00","breadcrumb":{"@id":"https:\/\/www.northcleangroup.se\/fi\/clean-factory\/#breadcrumb"},"inLanguage":"fi","potentialAction":[{"@type":"ReadAction","target":["https:\/\/www.northcleangroup.se\/fi\/clean-factory\/"]}]},{"@type":"BreadcrumbList","@id":"https:\/\/www.northcleangroup.se\/fi\/clean-factory\/#breadcrumb","itemListElement":[{"@type":"ListItem","position":1,"name":"Hem","item":"https:\/\/www.northcleangroup.se\/fi\/"},{"@type":"ListItem","position":2,"name":"Clean Factory"}]},{"@type":"WebSite","@id":"https:\/\/www.northcleangroup.se\/fi\/#website","url":"https:\/\/www.northcleangroup.se\/fi\/","name":"Northclean","description":"Lokal partner f\u00f6r f\u00f6retag inom lokalv\u00e5rd &amp; facility services.","potentialAction":[{"@type":"SearchAction","target":{"@type":"EntryPoint","urlTemplate":"https:\/\/www.northcleangroup.se\/fi\/?s={search_term_string}"},"query-input":{"@type":"PropertyValueSpecification","valueRequired":true,"valueName":"search_term_string"}}],"inLanguage":"fi"}]}},"_links":{"self":[{"href":"https:\/\/www.northcleangroup.se\/fi\/wp-json\/wp\/v2\/pages\/879","targetHints":{"allow":["GET"]}}],"collection":[{"href":"https:\/\/www.northcleangroup.se\/fi\/wp-json\/wp\/v2\/pages"}],"about":[{"href":"https:\/\/www.northcleangroup.se\/fi\/wp-json\/wp\/v2\/types\/page"}],"author":[{"embeddable":true,"href":"https:\/\/www.northcleangroup.se\/fi\/wp-json\/wp\/v2\/users\/12"}],"replies":[{"embeddable":true,"href":"https:\/\/www.northcleangroup.se\/fi\/wp-json\/wp\/v2\/comments?post=879"}],"version-history":[{"count":1,"href":"https:\/\/www.northcleangroup.se\/fi\/wp-json\/wp\/v2\/pages\/879\/revisions"}],"predecessor-version":[{"id":1389,"href":"https:\/\/www.northcleangroup.se\/fi\/wp-json\/wp\/v2\/pages\/879\/revisions\/1389"}],"wp:attachment":[{"href":"https:\/\/www.northcleangroup.se\/fi\/wp-json\/wp\/v2\/media?parent=879"}],"curies":[{"name":"wp","href":"https:\/\/api.w.org\/{rel}","templated":true}]}}